{"id":585,"date":"2018-10-15T17:43:13","date_gmt":"2018-10-15T17:43:13","guid":{"rendered":"https:\/\/toothrescueconcept.info\/about\/"},"modified":"2024-03-04T16:55:15","modified_gmt":"2024-03-04T16:55:15","slug":"about","status":"publish","type":"page","link":"https:\/\/toothrescueconcept.info\/et\/","title":{"rendered":"Avaleht"},"content":{"rendered":"<h1><span lang=\"EN-US\"><span class=\"x_SpellE\">Hambatrauma24<\/span><\/span><\/h1>\n<h3>Esmaabi p\u00e4rast hambatraumat, hambap\u00e4\u00e4stetoosi \u00fclesleidmine p\u00e4rast hambatraumat,<\/h3>\n<h3>internetis \u00fcle 16 000 asukoha, kus on olemas hambap\u00e4\u00e4stetoosid \u2026<\/h3>\n<p>&#8211; Kogu teave hambatrauma teemal<br \/>\n&#8211; Mida teha v\u00e4ljal\u00f6\u00f6dud hamba puhul?<br \/>\n&#8211; Hambap\u00e4\u00e4stetoosi taotlemine p\u00e4rast hambatraumat<br \/>\n&#8211; Mis on hambap\u00e4\u00e4stetoost?<br \/>\n&#8211; Hambap\u00e4\u00e4stetoosi uue asukoha tasuta registreerimine<br \/>\n&#8211; Tr\u00fckised (reklaamlehed, plakatid, hambatraumade passid jne)<br \/>\n&#8211; s\u00fcsteemi on integreeritud juba \u00fcle 48 500 asutuse<br \/>\n&#8211; abi on saadud rohkem kui 6.900 hambatrauma puhul<br \/>\n&#8211; projekti toetab \u00fcle 550 projektipartneri<br \/>\n&#8211; juba seitsmes riigis<br \/>\n&#8211; mitme \u00fclikooliga tehakse teaduslikku koost\u00f6\u00f6d<\/p>\n","protected":false},"excerpt":{"rendered":"<p>Hambatrauma24 Esmaabi p\u00e4rast hambatraumat, hambap\u00e4\u00e4stetoosi \u00fclesleidmine p\u00e4rast hambatraumat, internetis \u00fcle 16 000 asukoha, kus on olemas hambap\u00e4\u00e4stetoosid \u2026 &#8211; Kogu teave hambatrauma teemal &#8211; Mida teha v\u00e4ljal\u00f6\u00f6dud hamba puhul? &#8211; Hambap\u00e4\u00e4stetoosi taotlemine p\u00e4rast hambatraumat &#8211; Mis on hambap\u00e4\u00e4stetoost? &#8211; Hambap\u00e4\u00e4stetoosi uue asukoha tasuta registreerimine &#8211; Tr\u00fckised (reklaamlehed, plakatid, hambatraumade passid jne) &#8211; s\u00fcsteemi on integreeritud [&hellip;]<\/p>\n","protected":false},"author":1,"featured_media":0,"parent":0,"menu_order":0,"comment_status":"open","ping_status":"open","template":"template-home.php","meta":{"_acf_changed":false,"footnotes":""},"class_list":["post-585","page","type-page","status-publish","hentry"],"acf":[],"yoast_head":"<!-- This site is optimized with the Yoast SEO plugin v27.3 - https:\/\/yoast.com\/product\/yoast-seo-wordpress\/ -->\n<title>Avaleht - DTP<\/title>\n<meta name=\"robots\" content=\"index, follow, max-snippet:-1, max-image-preview:large, max-video-preview:-1\" \/>\n<link rel=\"canonical\" href=\"https:\/\/toothrescueconcept.info\/et\/\" \/>\n<meta property=\"og:locale\" content=\"et_EE\" \/>\n<meta property=\"og:type\" content=\"article\" \/>\n<meta property=\"og:title\" content=\"Avaleht - DTP\" \/>\n<meta property=\"og:description\" content=\"Hambatrauma24 Esmaabi p\u00e4rast hambatraumat, hambap\u00e4\u00e4stetoosi \u00fclesleidmine p\u00e4rast hambatraumat, internetis \u00fcle 16 000 asukoha, kus on olemas hambap\u00e4\u00e4stetoosid \u2026 &#8211; Kogu teave hambatrauma teemal &#8211; Mida teha v\u00e4ljal\u00f6\u00f6dud hamba puhul? &#8211; Hambap\u00e4\u00e4stetoosi taotlemine p\u00e4rast hambatraumat &#8211; Mis on hambap\u00e4\u00e4stetoost? &#8211; Hambap\u00e4\u00e4stetoosi uue asukoha tasuta registreerimine &#8211; Tr\u00fckised (reklaamlehed, plakatid, hambatraumade passid jne) &#8211; s\u00fcsteemi on integreeritud [&hellip;]\" \/>\n<meta property=\"og:url\" content=\"https:\/\/toothrescueconcept.info\/et\/\" \/>\n<meta property=\"og:site_name\" content=\"DTP\" \/>\n<meta property=\"article:modified_time\" content=\"2024-03-04T16:55:15+00:00\" \/>\n<meta name=\"twitter:card\" content=\"summary_large_image\" \/>\n<meta name=\"twitter:label1\" content=\"Est. reading time\" \/>\n\t<meta name=\"twitter:data1\" content=\"1 minut\" \/>\n<script type=\"application\/ld+json\" class=\"yoast-schema-graph\">{\"@context\":\"https:\\\/\\\/schema.org\",\"@graph\":[{\"@type\":\"WebPage\",\"@id\":\"https:\\\/\\\/toothrescueconcept.info\\\/et\\\/\",\"url\":\"https:\\\/\\\/toothrescueconcept.info\\\/et\\\/\",\"name\":\"Avaleht - DTP\",\"isPartOf\":{\"@id\":\"https:\\\/\\\/toothrescueconcept.info\\\/#website\"},\"datePublished\":\"2018-10-15T17:43:13+00:00\",\"dateModified\":\"2024-03-04T16:55:15+00:00\",\"breadcrumb\":{\"@id\":\"https:\\\/\\\/toothrescueconcept.info\\\/et\\\/#breadcrumb\"},\"inLanguage\":\"et\",\"potentialAction\":[{\"@type\":\"ReadAction\",\"target\":[\"https:\\\/\\\/toothrescueconcept.info\\\/et\\\/\"]}]},{\"@type\":\"BreadcrumbList\",\"@id\":\"https:\\\/\\\/toothrescueconcept.info\\\/et\\\/#breadcrumb\",\"itemListElement\":[{\"@type\":\"ListItem\",\"position\":1,\"name\":\"Home\",\"item\":\"https:\\\/\\\/toothrescueconcept.info\\\/et\\\/\"},{\"@type\":\"ListItem\",\"position\":2,\"name\":\"Avaleht\"}]},{\"@type\":\"WebSite\",\"@id\":\"https:\\\/\\\/toothrescueconcept.info\\\/#website\",\"url\":\"https:\\\/\\\/toothrescueconcept.info\\\/\",\"name\":\"DTP\",\"description\":\"\",\"potentialAction\":[{\"@type\":\"SearchAction\",\"target\":{\"@type\":\"EntryPoint\",\"urlTemplate\":\"https:\\\/\\\/toothrescueconcept.info\\\/?s={search_term_string}\"},\"query-input\":{\"@type\":\"PropertyValueSpecification\",\"valueRequired\":true,\"valueName\":\"search_term_string\"}}],\"inLanguage\":\"et\"}]}<\/script>\n<!-- \/ Yoast SEO plugin. -->","yoast_head_json":{"title":"Avaleht - DTP","robots":{"index":"index","follow":"follow","max-snippet":"max-snippet:-1","max-image-preview":"max-image-preview:large","max-video-preview":"max-video-preview:-1"},"canonical":"https:\/\/toothrescueconcept.info\/et\/","og_locale":"et_EE","og_type":"article","og_title":"Avaleht - DTP","og_description":"Hambatrauma24 Esmaabi p\u00e4rast hambatraumat, hambap\u00e4\u00e4stetoosi \u00fclesleidmine p\u00e4rast hambatraumat, internetis \u00fcle 16 000 asukoha, kus on olemas hambap\u00e4\u00e4stetoosid \u2026 &#8211; Kogu teave hambatrauma teemal &#8211; Mida teha v\u00e4ljal\u00f6\u00f6dud hamba puhul? &#8211; Hambap\u00e4\u00e4stetoosi taotlemine p\u00e4rast hambatraumat &#8211; Mis on hambap\u00e4\u00e4stetoost? &#8211; Hambap\u00e4\u00e4stetoosi uue asukoha tasuta registreerimine &#8211; Tr\u00fckised (reklaamlehed, plakatid, hambatraumade passid jne) &#8211; s\u00fcsteemi on integreeritud [&hellip;]","og_url":"https:\/\/toothrescueconcept.info\/et\/","og_site_name":"DTP","article_modified_time":"2024-03-04T16:55:15+00:00","twitter_card":"summary_large_image","twitter_misc":{"Est. reading time":"1 minut"},"schema":{"@context":"https:\/\/schema.org","@graph":[{"@type":"WebPage","@id":"https:\/\/toothrescueconcept.info\/et\/","url":"https:\/\/toothrescueconcept.info\/et\/","name":"Avaleht - DTP","isPartOf":{"@id":"https:\/\/toothrescueconcept.info\/#website"},"datePublished":"2018-10-15T17:43:13+00:00","dateModified":"2024-03-04T16:55:15+00:00","breadcrumb":{"@id":"https:\/\/toothrescueconcept.info\/et\/#breadcrumb"},"inLanguage":"et","potentialAction":[{"@type":"ReadAction","target":["https:\/\/toothrescueconcept.info\/et\/"]}]},{"@type":"BreadcrumbList","@id":"https:\/\/toothrescueconcept.info\/et\/#breadcrumb","itemListElement":[{"@type":"ListItem","position":1,"name":"Home","item":"https:\/\/toothrescueconcept.info\/et\/"},{"@type":"ListItem","position":2,"name":"Avaleht"}]},{"@type":"WebSite","@id":"https:\/\/toothrescueconcept.info\/#website","url":"https:\/\/toothrescueconcept.info\/","name":"DTP","description":"","potentialAction":[{"@type":"SearchAction","target":{"@type":"EntryPoint","urlTemplate":"https:\/\/toothrescueconcept.info\/?s={search_term_string}"},"query-input":{"@type":"PropertyValueSpecification","valueRequired":true,"valueName":"search_term_string"}}],"inLanguage":"et"}]}},"_links":{"self":[{"href":"https:\/\/toothrescueconcept.info\/et\/wp-json\/wp\/v2\/pages\/585","targetHints":{"allow":["GET"]}}],"collection":[{"href":"https:\/\/toothrescueconcept.info\/et\/wp-json\/wp\/v2\/pages"}],"about":[{"href":"https:\/\/toothrescueconcept.info\/et\/wp-json\/wp\/v2\/types\/page"}],"author":[{"embeddable":true,"href":"https:\/\/toothrescueconcept.info\/et\/wp-json\/wp\/v2\/users\/1"}],"replies":[{"embeddable":true,"href":"https:\/\/toothrescueconcept.info\/et\/wp-json\/wp\/v2\/comments?post=585"}],"version-history":[{"count":26,"href":"https:\/\/toothrescueconcept.info\/et\/wp-json\/wp\/v2\/pages\/585\/revisions"}],"predecessor-version":[{"id":146346,"href":"https:\/\/toothrescueconcept.info\/et\/wp-json\/wp\/v2\/pages\/585\/revisions\/146346"}],"wp:attachment":[{"href":"https:\/\/toothrescueconcept.info\/et\/wp-json\/wp\/v2\/media?parent=585"}],"curies":[{"name":"wp","href":"https:\/\/api.w.org\/{rel}","templated":true}]}}