{"id":569,"date":"2018-10-19T07:33:51","date_gmt":"2018-10-19T07:33:51","guid":{"rendered":"https:\/\/toothrescueconcept.info\/terms-of-service\/"},"modified":"2019-12-05T08:38:28","modified_gmt":"2019-12-05T08:38:28","slug":"terms-of-service","status":"publish","type":"page","link":"https:\/\/toothrescueconcept.info\/et\/terms-of-service\/","title":{"rendered":"Impressum"},"content":{"rendered":"\n<p>Dental Traumatology Projects O\u00dc<br>Narva maantee 5 <br>10117 Tallinn <br>ESTONIA<br><br>Office: +372 664 5426<br><br>eMail: info (at) zahnrettungskonzept.info <br>eMail: info (at) toothrescueconcept.info <br>Website: www.zahnrettungskonzept.info <br>Website: www.toothrescueconcept.info<\/p>\n\n\n\n<p>Umsatzsteueridentifikationsnummer:<br> EE102082366<\/p>\n\n\n\n<p>Sisu eest vastutab<\/p>\n\n\n\n<p><strong>Impressum<\/strong><\/p>\n\n\n\n<p>Vastutuse v\u00e4listamine:<br><br><strong>Vastutus materjalide sisu eest<\/strong><br>Meie lehek\u00fclgedel avaldatud sisulised materjalid on koostatud \u00e4\u00e4rmiselt hoolikalt. Materjalide sisu \u00f5igsuse, t\u00e4ielikkuse ja p\u00e4evakajalisuse eest ei saa me siiski vastutada. Teenusepakkujana vastutame telemeediaseaduse (TMS) \u00a7 7 l\u00f5ike 1 kohaselt oma materjalide sisu eest, mis on nendel lehek\u00fclgedel avaldatud, \u00fcldiste seaduste j\u00e4rgi. TMS-i paragrahvide 8\u201310 kohaselt ei ole me teenusepakkujana siiski kohustatud v\u00f5\u00f5raid edastatud ega salvestatud \u00f5igusvastasele tegevusele viitavaid teabematerjale kontrollima ega asjaolusid otsima. See ei puuduta teabematerjalide eemaldamise v\u00f5i nende kasutamise blokeerimise kohustusi \u00fcldiste seaduste kohaselt. Sellekohane vastutus on siiski v\u00f5imalik alles konkreetsest \u00f5igusrikkumisest teadasaamise hetkest alates. Vastavatest \u00f5igusrikkumistest teadasaamise korral eemaldame need sisulised materjalid esimesel v\u00f5imalusel. <br><br><strong>Vastutus linkide eest<\/strong><br>Meie pakkumine sisaldab linke kolmandate osaliste v\u00e4listele veebilehtedele, mille sisule ei avalda me mingit m\u00f5ju. Seet\u00f5ttu ei saa me nende v\u00f5\u00f5raste materjalide sisu eest ka mingit vastutust enda peale v\u00f5tta. Lingitud lehtede sisu eest vastutab alati vastav pakkuja v\u00f5i lehtede haldaja. Linkimise hetkel kontrolliti lingitavaid lehti v\u00f5imalike \u00f5igusrikkumiste suhtes. Linkimise hetkel \u00f5igusvastast sisulist teavet ei tuvastatud. Lingitud lehtede pidev sisuline kontrollimine ei ole \u00f5igusrikkumisele viitavate konkreetsete t\u00f5enditeta siiski m\u00f5istlik. \u00d5igusrikkumistest teadasaamise korral eemaldame sellised lingid esimesel v\u00f5imalusel. <br><br><strong>Autori\u00f5igus<\/strong><br>Sellel lehel paiknevate, lehe haldajate koostatud sisuliste materjalide v\u00f5i teoste kohta kehtivad Eesti autori\u00f5igused. Paljundamiseks, t\u00f6\u00f6tlemiseks, levitamiseks ja igasuguseks kasutamiseks v\u00e4ljaspool autori\u00f5iguse piire on vaja vastava autori v\u00f5i koostaja kirjalikku n\u00f5usolekut. Selle lehe allalaadimisi ja koopiaid on lubatud kasutada ainult eraviisilistel, mitte \u00e4rilistel eesm\u00e4rkidel. Kuna haldaja ei ole selle lehe sisu loonud, j\u00e4rgitakse kolmandate osaliste autori\u00f5igusi. Eelk\u00f5ige peetakse sellisteks kolmandate osaliste loodud sisulisi materjale. Kui te peaksite sellele vaatamata autori\u00f5iguse rikkumistest teada saama, siis saatke meile vastav vihje. \u00d5igusrikkumistest teadasaamise korral eemaldame sellised sisulised materjalid esimesel v\u00f5imalusel. <br> <br><strong>Andmekaitse<\/strong><br>Meie veebilehte on tavaliselt v\u00f5imalik kasutada isikuandmeid esitamata. Kuna me kogume oma lehtedel isikuandmeid (n\u00e4iteks nimesid, aadresse v\u00f5i meiliaadresse), siis teeme seda alati vabatahtlikkuse alusel niiv\u00f5rd, kuiv\u00f5rd see on v\u00f5imalik. Neid andmeid ei avaldata kolmandatele osalistele teie selgesti v\u00e4ljendatud n\u00f5usolekuta. <br><br>Juhime teie t\u00e4helepanu sellele, et andmete edastamises internetis (nt meili teel suhtlemises) v\u00f5ib esineda turvaauke. Andmete turvaaukudeta kaitsmine kolmandate osaliste juurdep\u00e4\u00e4su eest ei ole v\u00f5imalik. Siinkohal v\u00e4listame selges\u00f5naliselt impressumi avaldamise kohustuse t\u00e4itmise raames avaldatud kontaktandmete kasutamise kolmandate osaliste poolt reklaam- ja teabematerjalide saatmiseks, mille saamiseks pole selgesti v\u00e4ljendatud viisil soovi avaldatud. Lehtede haldajad j\u00e4tavad endale s\u00f5naselgelt \u00f5iguse reklaammaterjalide soovimatu saatmise korral (n\u00e4iteks r\u00e4mpsposti e-kirjade n\u00e4ol) v\u00f5tta kasutusele \u00f5iguslikud meetmed. <\/p>\n\n\n\n<p>Google Analyticsi kasutamiseks vajalik andmekaitsealane deklaratsioon <br>See veebisait kasutab teenust Google Analytics ehk ettev\u00f5tte Google Inc. (edaspidi: Google) veebianal\u00fc\u00fcsi teenust. Google Analytics kasutab nn k\u00fcpsiseid, tekstifaile, mis salvestatakse teie arvutisse ja mis v\u00f5imaldavad anal\u00fc\u00fcsida veebisaidi teiepoolset kasutamist. K\u00fcpsise loodud teave, mis puudutab selle veebisaidi teiepoolset kasutamist, edastatakse tavaliselt Google&#8217;i USA-s asuvasse serverisse ja salvestatakse seal. Kui sellel veebilehel aktiveeritakse IP anon\u00fc\u00fcmseks muutmine, siis piirab Google teie IP-aadressi kasutamise Euroopa Liidu liikmesriikides v\u00f5i teistes Euroopa Majandusruumi kokkuleppe s\u00f5lminud riikides. T\u00e4ielik IP-aadress saadetakse USA-s asuvasse Google&#8217;i serverisse ja salvestatakse seal ainult erandjuhtudel. Selle veebisaidi haldaja \u00fclesandel kasutab Google seda teavet selleks, et hinnata veebisaidi teiepoolset kasutamist, ja selleks, et koostada aruandeid veebisaidil toimuvate tegevuste kohta ning osutada veebisaidi haldajale j\u00e4rgmisi veebisaidi ja interneti kasutamisega seotud teenuseid. Google Analyticsi raames teie brauseri edastatud IP-aadressi ei seostata teiste Google&#8217;i andmetega. <br><br>K\u00fcpsiste salvestamist v\u00f5ite oma brauseri tarkvara vastava seadistuse abil blokeerida, kuid me juhime teie t\u00e4helepanu sellele, et sel juhul ei pruugi te saada t\u00e4ies mahus kasutada selle veebisaidi k\u00f5iki funktsioone. <\/p>\n","protected":false},"excerpt":{"rendered":"<p>Dental Traumatology Projects O\u00dcNarva maantee 5 10117 Tallinn ESTONIA Office: +372 664 5426 eMail: info (at) zahnrettungskonzept.info eMail: info (at) toothrescueconcept.info Website: www.zahnrettungskonzept.info Website: www.toothrescueconcept.info Umsatzsteueridentifikationsnummer: EE102082366 Sisu eest vastutab Impressum Vastutuse v\u00e4listamine: Vastutus materjalide sisu eestMeie lehek\u00fclgedel avaldatud sisulised materjalid on koostatud \u00e4\u00e4rmiselt hoolikalt. Materjalide sisu \u00f5igsuse, t\u00e4ielikkuse ja p\u00e4evakajalisuse eest ei saa me [&hellip;]<\/p>\n","protected":false},"author":1,"featured_media":0,"parent":0,"menu_order":0,"comment_status":"closed","ping_status":"closed","template":"","meta":{"_acf_changed":false,"footnotes":""},"class_list":["post-569","page","type-page","status-publish","hentry"],"acf":[],"yoast_head":"<!-- This site is optimized with the Yoast SEO plugin v27.4 - https:\/\/yoast.com\/product\/yoast-seo-wordpress\/ -->\n<title>Impressum - DTP<\/title>\n<meta name=\"robots\" content=\"index, follow, max-snippet:-1, max-image-preview:large, max-video-preview:-1\" \/>\n<link rel=\"canonical\" href=\"https:\/\/toothrescueconcept.info\/et\/terms-of-service\/\" \/>\n<meta property=\"og:locale\" content=\"et_EE\" \/>\n<meta property=\"og:type\" content=\"article\" \/>\n<meta property=\"og:title\" content=\"Impressum - DTP\" \/>\n<meta property=\"og:description\" content=\"Dental Traumatology Projects O\u00dcNarva maantee 5 10117 Tallinn ESTONIA Office: +372 664 5426 eMail: info (at) zahnrettungskonzept.info eMail: info (at) toothrescueconcept.info Website: www.zahnrettungskonzept.info Website: www.toothrescueconcept.info Umsatzsteueridentifikationsnummer: EE102082366 Sisu eest vastutab Impressum Vastutuse v\u00e4listamine: Vastutus materjalide sisu eestMeie lehek\u00fclgedel avaldatud sisulised materjalid on koostatud \u00e4\u00e4rmiselt hoolikalt. Materjalide sisu \u00f5igsuse, t\u00e4ielikkuse ja p\u00e4evakajalisuse eest ei saa me [&hellip;]\" \/>\n<meta property=\"og:url\" content=\"https:\/\/toothrescueconcept.info\/et\/terms-of-service\/\" \/>\n<meta property=\"og:site_name\" content=\"DTP\" \/>\n<meta property=\"article:modified_time\" content=\"2019-12-05T08:38:28+00:00\" \/>\n<meta name=\"twitter:card\" content=\"summary_large_image\" \/>\n<meta name=\"twitter:label1\" content=\"Est. reading time\" \/>\n\t<meta name=\"twitter:data1\" content=\"3 minutit\" \/>\n<script type=\"application\/ld+json\" class=\"yoast-schema-graph\">{\"@context\":\"https:\\\/\\\/schema.org\",\"@graph\":[{\"@type\":\"WebPage\",\"@id\":\"https:\\\/\\\/toothrescueconcept.info\\\/et\\\/terms-of-service\\\/\",\"url\":\"https:\\\/\\\/toothrescueconcept.info\\\/et\\\/terms-of-service\\\/\",\"name\":\"Impressum - DTP\",\"isPartOf\":{\"@id\":\"https:\\\/\\\/toothrescueconcept.info\\\/#website\"},\"datePublished\":\"2018-10-19T07:33:51+00:00\",\"dateModified\":\"2019-12-05T08:38:28+00:00\",\"breadcrumb\":{\"@id\":\"https:\\\/\\\/toothrescueconcept.info\\\/et\\\/terms-of-service\\\/#breadcrumb\"},\"inLanguage\":\"et\",\"potentialAction\":[{\"@type\":\"ReadAction\",\"target\":[\"https:\\\/\\\/toothrescueconcept.info\\\/et\\\/terms-of-service\\\/\"]}]},{\"@type\":\"BreadcrumbList\",\"@id\":\"https:\\\/\\\/toothrescueconcept.info\\\/et\\\/terms-of-service\\\/#breadcrumb\",\"itemListElement\":[{\"@type\":\"ListItem\",\"position\":1,\"name\":\"Home\",\"item\":\"https:\\\/\\\/toothrescueconcept.info\\\/et\\\/\"},{\"@type\":\"ListItem\",\"position\":2,\"name\":\"Impressum\"}]},{\"@type\":\"WebSite\",\"@id\":\"https:\\\/\\\/toothrescueconcept.info\\\/#website\",\"url\":\"https:\\\/\\\/toothrescueconcept.info\\\/\",\"name\":\"DTP\",\"description\":\"\",\"potentialAction\":[{\"@type\":\"SearchAction\",\"target\":{\"@type\":\"EntryPoint\",\"urlTemplate\":\"https:\\\/\\\/toothrescueconcept.info\\\/?s={search_term_string}\"},\"query-input\":{\"@type\":\"PropertyValueSpecification\",\"valueRequired\":true,\"valueName\":\"search_term_string\"}}],\"inLanguage\":\"et\"}]}<\/script>\n<!-- \/ Yoast SEO plugin. -->","yoast_head_json":{"title":"Impressum - DTP","robots":{"index":"index","follow":"follow","max-snippet":"max-snippet:-1","max-image-preview":"max-image-preview:large","max-video-preview":"max-video-preview:-1"},"canonical":"https:\/\/toothrescueconcept.info\/et\/terms-of-service\/","og_locale":"et_EE","og_type":"article","og_title":"Impressum - DTP","og_description":"Dental Traumatology Projects O\u00dcNarva maantee 5 10117 Tallinn ESTONIA Office: +372 664 5426 eMail: info (at) zahnrettungskonzept.info eMail: info (at) toothrescueconcept.info Website: www.zahnrettungskonzept.info Website: www.toothrescueconcept.info Umsatzsteueridentifikationsnummer: EE102082366 Sisu eest vastutab Impressum Vastutuse v\u00e4listamine: Vastutus materjalide sisu eestMeie lehek\u00fclgedel avaldatud sisulised materjalid on koostatud \u00e4\u00e4rmiselt hoolikalt. Materjalide sisu \u00f5igsuse, t\u00e4ielikkuse ja p\u00e4evakajalisuse eest ei saa me [&hellip;]","og_url":"https:\/\/toothrescueconcept.info\/et\/terms-of-service\/","og_site_name":"DTP","article_modified_time":"2019-12-05T08:38:28+00:00","twitter_card":"summary_large_image","twitter_misc":{"Est. reading time":"3 minutit"},"schema":{"@context":"https:\/\/schema.org","@graph":[{"@type":"WebPage","@id":"https:\/\/toothrescueconcept.info\/et\/terms-of-service\/","url":"https:\/\/toothrescueconcept.info\/et\/terms-of-service\/","name":"Impressum - DTP","isPartOf":{"@id":"https:\/\/toothrescueconcept.info\/#website"},"datePublished":"2018-10-19T07:33:51+00:00","dateModified":"2019-12-05T08:38:28+00:00","breadcrumb":{"@id":"https:\/\/toothrescueconcept.info\/et\/terms-of-service\/#breadcrumb"},"inLanguage":"et","potentialAction":[{"@type":"ReadAction","target":["https:\/\/toothrescueconcept.info\/et\/terms-of-service\/"]}]},{"@type":"BreadcrumbList","@id":"https:\/\/toothrescueconcept.info\/et\/terms-of-service\/#breadcrumb","itemListElement":[{"@type":"ListItem","position":1,"name":"Home","item":"https:\/\/toothrescueconcept.info\/et\/"},{"@type":"ListItem","position":2,"name":"Impressum"}]},{"@type":"WebSite","@id":"https:\/\/toothrescueconcept.info\/#website","url":"https:\/\/toothrescueconcept.info\/","name":"DTP","description":"","potentialAction":[{"@type":"SearchAction","target":{"@type":"EntryPoint","urlTemplate":"https:\/\/toothrescueconcept.info\/?s={search_term_string}"},"query-input":{"@type":"PropertyValueSpecification","valueRequired":true,"valueName":"search_term_string"}}],"inLanguage":"et"}]}},"_links":{"self":[{"href":"https:\/\/toothrescueconcept.info\/et\/wp-json\/wp\/v2\/pages\/569","targetHints":{"allow":["GET"]}}],"collection":[{"href":"https:\/\/toothrescueconcept.info\/et\/wp-json\/wp\/v2\/pages"}],"about":[{"href":"https:\/\/toothrescueconcept.info\/et\/wp-json\/wp\/v2\/types\/page"}],"author":[{"embeddable":true,"href":"https:\/\/toothrescueconcept.info\/et\/wp-json\/wp\/v2\/users\/1"}],"replies":[{"embeddable":true,"href":"https:\/\/toothrescueconcept.info\/et\/wp-json\/wp\/v2\/comments?post=569"}],"version-history":[{"count":2,"href":"https:\/\/toothrescueconcept.info\/et\/wp-json\/wp\/v2\/pages\/569\/revisions"}],"predecessor-version":[{"id":1249,"href":"https:\/\/toothrescueconcept.info\/et\/wp-json\/wp\/v2\/pages\/569\/revisions\/1249"}],"wp:attachment":[{"href":"https:\/\/toothrescueconcept.info\/et\/wp-json\/wp\/v2\/media?parent=569"}],"curies":[{"name":"wp","href":"https:\/\/api.w.org\/{rel}","templated":true}]}}