{"id":564,"date":"2018-10-22T14:53:03","date_gmt":"2018-10-22T14:53:03","guid":{"rendered":"https:\/\/toothrescueconcept.info\/first-aid-after-the-accident\/"},"modified":"2023-11-24T15:35:51","modified_gmt":"2023-11-24T15:35:51","slug":"first-aid-after-the-accident","status":"publish","type":"page","link":"https:\/\/toothrescueconcept.info\/et\/first-aid-after-the-accident\/","title":{"rendered":"Mida p\u00e4rast hambaga toimunud \u00f5nnetust teha?"},"content":{"rendered":"<ol>\n<li>Tegutsege kiiresti, otsige hammas\/hambakild kohe \u00fcles.<\/li>\n<li>Puudutage ainult v\u00e4ljal\u00f6\u00f6dud hamba hambakrooni, mitte hambajuurt.<\/li>\n<li>\u00c4rge puhastage ega desinfitseerige hammast v\u00f5i selle osa.<\/li>\n<li>Pange hammas kohe hambap\u00e4\u00e4stetoosi.<\/li>\n<li>Tugeva veritsuse korral asetage haavale marlitampoon v\u00f5i puhas ebemevaba riidet\u00fckk (nt riidest taskur\u00e4tt), jahutage haava v\u00e4liselt.<\/li>\n<li>P\u00f6\u00f6rduge nii kiiresti kui v\u00f5imalik hambaarsti poole v\u00f5i hambakliinikusse.<\/li>\n<li>Kui l\u00e4heduses ei ole \u00fchtegi hambap\u00e4\u00e4stetoosi, siis paremuselt teine lahendus on homogeniseeritud piim (H-piim)*<br \/>\n* (max 1\u20132 tunniks, ravitulemus on sel juhul halvem), seet\u00f5ttu pange hammas siiski nii kiiresti kui v\u00f5imalik hambap\u00e4\u00e4stetoosi.<a href=\"https:\/\/toothrescueconcept.info\/wp-content\/uploads\/2018\/11\/Zahnunfall24_Infoblatt_Zahnverletzung_D.pdf\" target=\"_blank\" rel=\"noopener noreferrer\">Hambavigastusi<\/a><\/li>\n<\/ol>\n","protected":false},"excerpt":{"rendered":"<p>Tegutsege kiiresti, otsige hammas\/hambakild kohe \u00fcles. Puudutage ainult v\u00e4ljal\u00f6\u00f6dud hamba hambakrooni, mitte hambajuurt. \u00c4rge puhastage ega desinfitseerige hammast v\u00f5i selle osa. Pange hammas kohe hambap\u00e4\u00e4stetoosi. Tugeva veritsuse korral asetage haavale marlitampoon v\u00f5i puhas ebemevaba riidet\u00fckk (nt riidest taskur\u00e4tt), jahutage haava v\u00e4liselt. P\u00f6\u00f6rduge nii kiiresti kui v\u00f5imalik hambaarsti poole v\u00f5i hambakliinikusse. Kui l\u00e4heduses ei ole \u00fchtegi [&hellip;]<\/p>\n","protected":false},"author":1,"featured_media":0,"parent":0,"menu_order":0,"comment_status":"closed","ping_status":"closed","template":"template-firstaid.php","meta":{"_acf_changed":false,"footnotes":""},"class_list":["post-564","page","type-page","status-publish","hentry"],"acf":[],"yoast_head":"<!-- This site is optimized with the Yoast SEO plugin v27.4 - https:\/\/yoast.com\/product\/yoast-seo-wordpress\/ -->\n<title>Mida p\u00e4rast hambaga toimunud \u00f5nnetust teha? - DTP<\/title>\n<meta name=\"robots\" content=\"index, follow, max-snippet:-1, max-image-preview:large, max-video-preview:-1\" \/>\n<link rel=\"canonical\" href=\"https:\/\/toothrescueconcept.info\/et\/first-aid-after-the-accident\/\" \/>\n<meta property=\"og:locale\" content=\"et_EE\" \/>\n<meta property=\"og:type\" content=\"article\" \/>\n<meta property=\"og:title\" content=\"Mida p\u00e4rast hambaga toimunud \u00f5nnetust teha? - DTP\" \/>\n<meta property=\"og:description\" content=\"Tegutsege kiiresti, otsige hammas\/hambakild kohe \u00fcles. Puudutage ainult v\u00e4ljal\u00f6\u00f6dud hamba hambakrooni, mitte hambajuurt. \u00c4rge puhastage ega desinfitseerige hammast v\u00f5i selle osa. Pange hammas kohe hambap\u00e4\u00e4stetoosi. Tugeva veritsuse korral asetage haavale marlitampoon v\u00f5i puhas ebemevaba riidet\u00fckk (nt riidest taskur\u00e4tt), jahutage haava v\u00e4liselt. P\u00f6\u00f6rduge nii kiiresti kui v\u00f5imalik hambaarsti poole v\u00f5i hambakliinikusse. Kui l\u00e4heduses ei ole \u00fchtegi [&hellip;]\" \/>\n<meta property=\"og:url\" content=\"https:\/\/toothrescueconcept.info\/et\/first-aid-after-the-accident\/\" \/>\n<meta property=\"og:site_name\" content=\"DTP\" \/>\n<meta property=\"article:modified_time\" content=\"2023-11-24T15:35:51+00:00\" \/>\n<meta name=\"twitter:card\" content=\"summary_large_image\" \/>\n<meta name=\"twitter:label1\" content=\"Est. reading time\" \/>\n\t<meta name=\"twitter:data1\" content=\"1 minut\" \/>\n<script type=\"application\/ld+json\" class=\"yoast-schema-graph\">{\"@context\":\"https:\\\/\\\/schema.org\",\"@graph\":[{\"@type\":\"WebPage\",\"@id\":\"https:\\\/\\\/toothrescueconcept.info\\\/et\\\/first-aid-after-the-accident\\\/\",\"url\":\"https:\\\/\\\/toothrescueconcept.info\\\/et\\\/first-aid-after-the-accident\\\/\",\"name\":\"Mida p\u00e4rast hambaga toimunud \u00f5nnetust teha? - DTP\",\"isPartOf\":{\"@id\":\"https:\\\/\\\/toothrescueconcept.info\\\/#website\"},\"datePublished\":\"2018-10-22T14:53:03+00:00\",\"dateModified\":\"2023-11-24T15:35:51+00:00\",\"breadcrumb\":{\"@id\":\"https:\\\/\\\/toothrescueconcept.info\\\/et\\\/first-aid-after-the-accident\\\/#breadcrumb\"},\"inLanguage\":\"et\",\"potentialAction\":[{\"@type\":\"ReadAction\",\"target\":[\"https:\\\/\\\/toothrescueconcept.info\\\/et\\\/first-aid-after-the-accident\\\/\"]}]},{\"@type\":\"BreadcrumbList\",\"@id\":\"https:\\\/\\\/toothrescueconcept.info\\\/et\\\/first-aid-after-the-accident\\\/#breadcrumb\",\"itemListElement\":[{\"@type\":\"ListItem\",\"position\":1,\"name\":\"Home\",\"item\":\"https:\\\/\\\/toothrescueconcept.info\\\/et\\\/\"},{\"@type\":\"ListItem\",\"position\":2,\"name\":\"Mida p\u00e4rast hambaga toimunud \u00f5nnetust teha?\"}]},{\"@type\":\"WebSite\",\"@id\":\"https:\\\/\\\/toothrescueconcept.info\\\/#website\",\"url\":\"https:\\\/\\\/toothrescueconcept.info\\\/\",\"name\":\"DTP\",\"description\":\"\",\"potentialAction\":[{\"@type\":\"SearchAction\",\"target\":{\"@type\":\"EntryPoint\",\"urlTemplate\":\"https:\\\/\\\/toothrescueconcept.info\\\/?s={search_term_string}\"},\"query-input\":{\"@type\":\"PropertyValueSpecification\",\"valueRequired\":true,\"valueName\":\"search_term_string\"}}],\"inLanguage\":\"et\"}]}<\/script>\n<!-- \/ Yoast SEO plugin. -->","yoast_head_json":{"title":"Mida p\u00e4rast hambaga toimunud \u00f5nnetust teha? - DTP","robots":{"index":"index","follow":"follow","max-snippet":"max-snippet:-1","max-image-preview":"max-image-preview:large","max-video-preview":"max-video-preview:-1"},"canonical":"https:\/\/toothrescueconcept.info\/et\/first-aid-after-the-accident\/","og_locale":"et_EE","og_type":"article","og_title":"Mida p\u00e4rast hambaga toimunud \u00f5nnetust teha? - DTP","og_description":"Tegutsege kiiresti, otsige hammas\/hambakild kohe \u00fcles. Puudutage ainult v\u00e4ljal\u00f6\u00f6dud hamba hambakrooni, mitte hambajuurt. \u00c4rge puhastage ega desinfitseerige hammast v\u00f5i selle osa. Pange hammas kohe hambap\u00e4\u00e4stetoosi. Tugeva veritsuse korral asetage haavale marlitampoon v\u00f5i puhas ebemevaba riidet\u00fckk (nt riidest taskur\u00e4tt), jahutage haava v\u00e4liselt. P\u00f6\u00f6rduge nii kiiresti kui v\u00f5imalik hambaarsti poole v\u00f5i hambakliinikusse. Kui l\u00e4heduses ei ole \u00fchtegi [&hellip;]","og_url":"https:\/\/toothrescueconcept.info\/et\/first-aid-after-the-accident\/","og_site_name":"DTP","article_modified_time":"2023-11-24T15:35:51+00:00","twitter_card":"summary_large_image","twitter_misc":{"Est. reading time":"1 minut"},"schema":{"@context":"https:\/\/schema.org","@graph":[{"@type":"WebPage","@id":"https:\/\/toothrescueconcept.info\/et\/first-aid-after-the-accident\/","url":"https:\/\/toothrescueconcept.info\/et\/first-aid-after-the-accident\/","name":"Mida p\u00e4rast hambaga toimunud \u00f5nnetust teha? - DTP","isPartOf":{"@id":"https:\/\/toothrescueconcept.info\/#website"},"datePublished":"2018-10-22T14:53:03+00:00","dateModified":"2023-11-24T15:35:51+00:00","breadcrumb":{"@id":"https:\/\/toothrescueconcept.info\/et\/first-aid-after-the-accident\/#breadcrumb"},"inLanguage":"et","potentialAction":[{"@type":"ReadAction","target":["https:\/\/toothrescueconcept.info\/et\/first-aid-after-the-accident\/"]}]},{"@type":"BreadcrumbList","@id":"https:\/\/toothrescueconcept.info\/et\/first-aid-after-the-accident\/#breadcrumb","itemListElement":[{"@type":"ListItem","position":1,"name":"Home","item":"https:\/\/toothrescueconcept.info\/et\/"},{"@type":"ListItem","position":2,"name":"Mida p\u00e4rast hambaga toimunud \u00f5nnetust teha?"}]},{"@type":"WebSite","@id":"https:\/\/toothrescueconcept.info\/#website","url":"https:\/\/toothrescueconcept.info\/","name":"DTP","description":"","potentialAction":[{"@type":"SearchAction","target":{"@type":"EntryPoint","urlTemplate":"https:\/\/toothrescueconcept.info\/?s={search_term_string}"},"query-input":{"@type":"PropertyValueSpecification","valueRequired":true,"valueName":"search_term_string"}}],"inLanguage":"et"}]}},"_links":{"self":[{"href":"https:\/\/toothrescueconcept.info\/et\/wp-json\/wp\/v2\/pages\/564","targetHints":{"allow":["GET"]}}],"collection":[{"href":"https:\/\/toothrescueconcept.info\/et\/wp-json\/wp\/v2\/pages"}],"about":[{"href":"https:\/\/toothrescueconcept.info\/et\/wp-json\/wp\/v2\/types\/page"}],"author":[{"embeddable":true,"href":"https:\/\/toothrescueconcept.info\/et\/wp-json\/wp\/v2\/users\/1"}],"replies":[{"embeddable":true,"href":"https:\/\/toothrescueconcept.info\/et\/wp-json\/wp\/v2\/comments?post=564"}],"version-history":[{"count":14,"href":"https:\/\/toothrescueconcept.info\/et\/wp-json\/wp\/v2\/pages\/564\/revisions"}],"predecessor-version":[{"id":146309,"href":"https:\/\/toothrescueconcept.info\/et\/wp-json\/wp\/v2\/pages\/564\/revisions\/146309"}],"wp:attachment":[{"href":"https:\/\/toothrescueconcept.info\/et\/wp-json\/wp\/v2\/media?parent=564"}],"curies":[{"name":"wp","href":"https:\/\/api.w.org\/{rel}","templated":true}]}}