{"id":1352,"date":"2021-04-08T02:14:47","date_gmt":"2021-04-08T02:14:47","guid":{"rendered":"https:\/\/toothrescueconcept.info\/?post_type=product&#038;p=1352"},"modified":"2021-06-17T19:02:48","modified_gmt":"2021-06-17T19:02:48","slug":"z24-zahnunfallpass","status":"publish","type":"product","link":"https:\/\/toothrescueconcept.info\/en\/product\/z24-zahnunfallpass\/","title":{"rendered":"Z24 &#8211; Zahnunfallpass"},"content":{"rendered":"<p>Dokumentationshilfe f\u00fcr die Zahnarztpraxis nach einem Zahnunfall, 8 Seiten, 4\/4 farbig, produktneutral, 170g Naturpapier in hoher Qualit\u00e4t. Die Abgabemenge erfolgt in kleinen Paketen mit jeweils 100 St\u00fcck.<\/p>\n<p><strong>Hinweis:<\/strong><br \/>\nDer Traumapass ist aus den Erfahrungen bei Unfallgutachten f\u00fcr eine Versicherung entstanden.Typischerweise passieren Zahnunf\u00e4lle an Wochenenden oder in der Freizeit, also dann, wenn der Hauszahnarzt nicht erreichbar ist. Die Erstversorgung wird daher meistens in einer anderen Praxis vorgenommen. Bei den typischen, kleineren Traumen (Zahn gelockert, Ecke abgebrochen) halten die Beschwerden oder Schmerzen nicht lange an. Die Patienten vergessen den Unfall.<\/p>\n<p>Oft lange Zeit sp\u00e4ter kommt das Erwachen: chronische Entz\u00fcndungen, Zahnverf\u00e4rbungen oder Resorptionen treten als Sp\u00e4tfolge auf. Nun wird es schwierig, diese Sch\u00e4den dem damaligen Trauma zuzuordnen. Besonders wichtig ist das, wenn der Unfall fremdverschuldet war oder bei einem Schulunfall oder Sportunfall im Sportverein passiert ist. Leider geht es immer auch um Kosten und deren Erstattung. Bei fehlendem Nachweis und\/ oder Dokumentation bleiben dann auch noch die teilweise erheblichen Kosten (Folgekosten eines Zahnverlustes im Jugendalter belaufen sich auf etwa 18 000,0 Euro!) Patienten h\u00e4ngen. Aus diesen Erfahrungen heraus wurde in Zusammenarbeit mit Prof. Mente (Universit\u00e4t Heidelberg) der Traumapass entwickelt.<\/p>\n<p>Dabei hilft der Traumapass:<br \/>\n1. Der Pass erm\u00f6glicht eine unkomplizierte Dokumentation des Traumas (Ort, Zahnsch\u00e4den, Behandler, R\u00f6ntgen, klinische Befunde Therapie)<br \/>\n2. Er verbessert die Kommunikation zwischen dem erstbehandelnden Zahnarzt und dem weiterbehandelndem Zahnarzt.<br \/>\n3. Er hilft bei der Planung der Nachsorgetermine (in Anlehnung an die Empfehlungen der IADT und der DGET) und sensibilisiert den Patienten daf\u00fcr. Je fr\u00fcher Folgesch\u00e4den erkannt werden, um so besser die Prognose.<br \/>\n4. Er erinnert Patienten daran, auch scheinbar harmlose Unf\u00e4lle ggf. bei Versicherungen zu melden (Schulunf\u00e4lle, fremdverschuldete Unf\u00e4lle).<br \/>\n5. Er erm\u00f6glicht eine Dokumentation in den Folgejahren, um Sp\u00e4tsch\u00e4den glaubw\u00fcrdig in einen kausalen Zusammenhang zum damaligen Zahnunfall bringen zu k\u00f6nnen. Nur so kann der Patient auf eine Kostenerstattung m\u00f6glicher Kostentr\u00e4ger (Unfallversicherungen, Haftpflichversicherung eines Verursachers) hoffen.<\/p>\n<p><!--StartFragment --><\/p>\n<p><!--EndFragment --><\/p>\n","protected":false},"excerpt":{"rendered":"<p>Dokumentationshilfe f\u00fcr die Zahnarztpraxis nach einem Zahnunfall, 8 Seiten, 4\/4 farbig, produktneutral, 170g Naturpapier in hoher Qualit\u00e4t.<br \/>\nDie Abgabemenge erfolgt in kleinen Paketen mit jeweils 100 St\u00fcck.<\/p>\n","protected":false},"featured_media":392,"template":"","meta":{"_acf_changed":false},"product_brand":[],"product_cat":[39],"product_tag":[],"manufacturer":[],"class_list":{"0":"post-1352","1":"product","2":"type-product","3":"status-publish","4":"has-post-thumbnail","6":"product_cat-uncategorized","8":"first","9":"instock","10":"taxable","11":"shipping-taxable","12":"purchasable","13":"product-type-simple"},"acf":[],"yoast_head":"<!-- This site is optimized with the Yoast SEO plugin v27.4 - https:\/\/yoast.com\/product\/yoast-seo-wordpress\/ -->\n<title>Z24 - Zahnunfallpass - DTP<\/title>\n<meta name=\"robots\" content=\"index, follow, max-snippet:-1, max-image-preview:large, max-video-preview:-1\" \/>\n<link rel=\"canonical\" href=\"https:\/\/toothrescueconcept.info\/product\/z24-zahnunfallpass\/\" \/>\n<meta property=\"og:locale\" content=\"en_US\" \/>\n<meta property=\"og:type\" content=\"article\" \/>\n<meta property=\"og:title\" content=\"Z24 - Zahnunfallpass - DTP\" \/>\n<meta property=\"og:description\" content=\"Dokumentationshilfe f\u00fcr die Zahnarztpraxis nach einem Zahnunfall, 8 Seiten, 4\/4 farbig, produktneutral, 170g Naturpapier in hoher Qualit\u00e4t. Die Abgabemenge erfolgt in kleinen Paketen mit jeweils 100 St\u00fcck.\" \/>\n<meta property=\"og:url\" content=\"https:\/\/toothrescueconcept.info\/product\/z24-zahnunfallpass\/\" \/>\n<meta property=\"og:site_name\" content=\"DTP\" \/>\n<meta property=\"article:modified_time\" content=\"2021-06-17T19:02:48+00:00\" \/>\n<meta property=\"og:image\" content=\"https:\/\/toothrescueconcept.info\/wp-content\/uploads\/2019\/01\/dentalrescue_passmock_web.png\" \/>\n\t<meta property=\"og:image:width\" content=\"366\" \/>\n\t<meta property=\"og:image:height\" content=\"366\" \/>\n\t<meta property=\"og:image:type\" content=\"image\/png\" \/>\n<meta name=\"twitter:card\" content=\"summary_large_image\" \/>\n<meta name=\"twitter:label1\" content=\"Est. reading time\" \/>\n\t<meta name=\"twitter:data1\" content=\"2 minutes\" \/>\n<script type=\"application\/ld+json\" class=\"yoast-schema-graph\">{\"@context\":\"https:\\\/\\\/schema.org\",\"@graph\":[{\"@type\":\"WebPage\",\"@id\":\"https:\\\/\\\/toothrescueconcept.info\\\/product\\\/z24-zahnunfallpass\\\/\",\"url\":\"https:\\\/\\\/toothrescueconcept.info\\\/product\\\/z24-zahnunfallpass\\\/\",\"name\":\"Z24 - Zahnunfallpass - DTP\",\"isPartOf\":{\"@id\":\"https:\\\/\\\/toothrescueconcept.info\\\/#website\"},\"primaryImageOfPage\":{\"@id\":\"https:\\\/\\\/toothrescueconcept.info\\\/product\\\/z24-zahnunfallpass\\\/#primaryimage\"},\"image\":{\"@id\":\"https:\\\/\\\/toothrescueconcept.info\\\/product\\\/z24-zahnunfallpass\\\/#primaryimage\"},\"thumbnailUrl\":\"https:\\\/\\\/toothrescueconcept.info\\\/wp-content\\\/uploads\\\/2019\\\/01\\\/dentalrescue_passmock_web.png\",\"datePublished\":\"2021-04-08T02:14:47+00:00\",\"dateModified\":\"2021-06-17T19:02:48+00:00\",\"breadcrumb\":{\"@id\":\"https:\\\/\\\/toothrescueconcept.info\\\/product\\\/z24-zahnunfallpass\\\/#breadcrumb\"},\"inLanguage\":\"en-US\",\"potentialAction\":[{\"@type\":\"ReadAction\",\"target\":[\"https:\\\/\\\/toothrescueconcept.info\\\/product\\\/z24-zahnunfallpass\\\/\"]}]},{\"@type\":\"ImageObject\",\"inLanguage\":\"en-US\",\"@id\":\"https:\\\/\\\/toothrescueconcept.info\\\/product\\\/z24-zahnunfallpass\\\/#primaryimage\",\"url\":\"https:\\\/\\\/toothrescueconcept.info\\\/wp-content\\\/uploads\\\/2019\\\/01\\\/dentalrescue_passmock_web.png\",\"contentUrl\":\"https:\\\/\\\/toothrescueconcept.info\\\/wp-content\\\/uploads\\\/2019\\\/01\\\/dentalrescue_passmock_web.png\",\"width\":366,\"height\":366},{\"@type\":\"BreadcrumbList\",\"@id\":\"https:\\\/\\\/toothrescueconcept.info\\\/product\\\/z24-zahnunfallpass\\\/#breadcrumb\",\"itemListElement\":[{\"@type\":\"ListItem\",\"position\":1,\"name\":\"Home\",\"item\":\"https:\\\/\\\/toothrescueconcept.info\\\/en\\\/\"},{\"@type\":\"ListItem\",\"position\":2,\"name\":\"Shop\",\"item\":\"https:\\\/\\\/toothrescueconcept.info\\\/shop\\\/\"},{\"@type\":\"ListItem\",\"position\":3,\"name\":\"Z24 &#8211; Zahnunfallpass\"}]},{\"@type\":\"WebSite\",\"@id\":\"https:\\\/\\\/toothrescueconcept.info\\\/#website\",\"url\":\"https:\\\/\\\/toothrescueconcept.info\\\/\",\"name\":\"DTP\",\"description\":\"\",\"potentialAction\":[{\"@type\":\"SearchAction\",\"target\":{\"@type\":\"EntryPoint\",\"urlTemplate\":\"https:\\\/\\\/toothrescueconcept.info\\\/?s={search_term_string}\"},\"query-input\":{\"@type\":\"PropertyValueSpecification\",\"valueRequired\":true,\"valueName\":\"search_term_string\"}}],\"inLanguage\":\"en-US\"}]}<\/script>\n<!-- \/ Yoast SEO plugin. -->","yoast_head_json":{"title":"Z24 - Zahnunfallpass - DTP","robots":{"index":"index","follow":"follow","max-snippet":"max-snippet:-1","max-image-preview":"max-image-preview:large","max-video-preview":"max-video-preview:-1"},"canonical":"https:\/\/toothrescueconcept.info\/product\/z24-zahnunfallpass\/","og_locale":"en_US","og_type":"article","og_title":"Z24 - Zahnunfallpass - DTP","og_description":"Dokumentationshilfe f\u00fcr die Zahnarztpraxis nach einem Zahnunfall, 8 Seiten, 4\/4 farbig, produktneutral, 170g Naturpapier in hoher Qualit\u00e4t. Die Abgabemenge erfolgt in kleinen Paketen mit jeweils 100 St\u00fcck.","og_url":"https:\/\/toothrescueconcept.info\/product\/z24-zahnunfallpass\/","og_site_name":"DTP","article_modified_time":"2021-06-17T19:02:48+00:00","og_image":[{"width":366,"height":366,"url":"https:\/\/toothrescueconcept.info\/wp-content\/uploads\/2019\/01\/dentalrescue_passmock_web.png","type":"image\/png"}],"twitter_card":"summary_large_image","twitter_misc":{"Est. reading time":"2 minutes"},"schema":{"@context":"https:\/\/schema.org","@graph":[{"@type":"WebPage","@id":"https:\/\/toothrescueconcept.info\/product\/z24-zahnunfallpass\/","url":"https:\/\/toothrescueconcept.info\/product\/z24-zahnunfallpass\/","name":"Z24 - Zahnunfallpass - DTP","isPartOf":{"@id":"https:\/\/toothrescueconcept.info\/#website"},"primaryImageOfPage":{"@id":"https:\/\/toothrescueconcept.info\/product\/z24-zahnunfallpass\/#primaryimage"},"image":{"@id":"https:\/\/toothrescueconcept.info\/product\/z24-zahnunfallpass\/#primaryimage"},"thumbnailUrl":"https:\/\/toothrescueconcept.info\/wp-content\/uploads\/2019\/01\/dentalrescue_passmock_web.png","datePublished":"2021-04-08T02:14:47+00:00","dateModified":"2021-06-17T19:02:48+00:00","breadcrumb":{"@id":"https:\/\/toothrescueconcept.info\/product\/z24-zahnunfallpass\/#breadcrumb"},"inLanguage":"en-US","potentialAction":[{"@type":"ReadAction","target":["https:\/\/toothrescueconcept.info\/product\/z24-zahnunfallpass\/"]}]},{"@type":"ImageObject","inLanguage":"en-US","@id":"https:\/\/toothrescueconcept.info\/product\/z24-zahnunfallpass\/#primaryimage","url":"https:\/\/toothrescueconcept.info\/wp-content\/uploads\/2019\/01\/dentalrescue_passmock_web.png","contentUrl":"https:\/\/toothrescueconcept.info\/wp-content\/uploads\/2019\/01\/dentalrescue_passmock_web.png","width":366,"height":366},{"@type":"BreadcrumbList","@id":"https:\/\/toothrescueconcept.info\/product\/z24-zahnunfallpass\/#breadcrumb","itemListElement":[{"@type":"ListItem","position":1,"name":"Home","item":"https:\/\/toothrescueconcept.info\/en\/"},{"@type":"ListItem","position":2,"name":"Shop","item":"https:\/\/toothrescueconcept.info\/shop\/"},{"@type":"ListItem","position":3,"name":"Z24 &#8211; Zahnunfallpass"}]},{"@type":"WebSite","@id":"https:\/\/toothrescueconcept.info\/#website","url":"https:\/\/toothrescueconcept.info\/","name":"DTP","description":"","potentialAction":[{"@type":"SearchAction","target":{"@type":"EntryPoint","urlTemplate":"https:\/\/toothrescueconcept.info\/?s={search_term_string}"},"query-input":{"@type":"PropertyValueSpecification","valueRequired":true,"valueName":"search_term_string"}}],"inLanguage":"en-US"}]}},"_links":{"self":[{"href":"https:\/\/toothrescueconcept.info\/en\/wp-json\/wp\/v2\/product\/1352","targetHints":{"allow":["GET"]}}],"collection":[{"href":"https:\/\/toothrescueconcept.info\/en\/wp-json\/wp\/v2\/product"}],"about":[{"href":"https:\/\/toothrescueconcept.info\/en\/wp-json\/wp\/v2\/types\/product"}],"wp:featuredmedia":[{"embeddable":true,"href":"https:\/\/toothrescueconcept.info\/en\/wp-json\/wp\/v2\/media\/392"}],"wp:attachment":[{"href":"https:\/\/toothrescueconcept.info\/en\/wp-json\/wp\/v2\/media?parent=1352"}],"wp:term":[{"taxonomy":"product_brand","embeddable":true,"href":"https:\/\/toothrescueconcept.info\/en\/wp-json\/wp\/v2\/product_brand?post=1352"},{"taxonomy":"product_cat","embeddable":true,"href":"https:\/\/toothrescueconcept.info\/en\/wp-json\/wp\/v2\/product_cat?post=1352"},{"taxonomy":"product_tag","embeddable":true,"href":"https:\/\/toothrescueconcept.info\/en\/wp-json\/wp\/v2\/product_tag?post=1352"},{"taxonomy":"manufacturer","embeddable":true,"href":"https:\/\/toothrescueconcept.info\/en\/wp-json\/wp\/v2\/manufacturer?post=1352"}],"curies":[{"name":"wp","href":"https:\/\/api.w.org\/{rel}","templated":true}]}}